{"id":702,"date":"2024-09-12T12:35:20","date_gmt":"2024-09-12T12:35:20","guid":{"rendered":"https:\/\/www.zumjungbrunnen.ch\/new\/?page_id=702"},"modified":"2025-01-30T15:32:16","modified_gmt":"2025-01-30T15:32:16","slug":"gutscheine","status":"publish","type":"page","link":"https:\/\/www.zumjungbrunnen.ch\/new\/gutscheine\/","title":{"rendered":"Gutscheine"},"content":{"rendered":"<div id='full_slider_1'  class='avia-fullwidth-slider main_color avia-shadow   avia-builder-el-0  el_before_av_one_fifth  avia-builder-el-first   container_wrap fullsize'  ><div  class='avia-slideshow av-m46xdaj7-889740bd99bd41e5dc76327c18766b05 avia-slideshow-no scaling av_slideshow_full avia-slide-slider av-slideshow-ui av-control-default av-slideshow-manual av-loop-once av-loop-manual-endless av-default-height-applied   avia-slideshow-1' data-slideshow-options=\"{&quot;animation&quot;:&quot;slide&quot;,&quot;autoplay&quot;:false,&quot;loop_autoplay&quot;:&quot;once&quot;,&quot;interval&quot;:5,&quot;loop_manual&quot;:&quot;manual-endless&quot;,&quot;autoplay_stopper&quot;:false,&quot;noNavigation&quot;:false,&quot;bg_slider&quot;:false,&quot;keep_padding&quot;:false,&quot;hoverpause&quot;:false,&quot;show_slide_delay&quot;:0}\"  itemprop=\"image\" itemscope=\"itemscope\" itemtype=\"https:\/\/schema.org\/ImageObject\" ><ul class='avia-slideshow-inner ' style='padding-bottom: 66.666666666667%;'><li  class='avia-slideshow-slide av-m46xdaj7-889740bd99bd41e5dc76327c18766b05__0  av-single-slide slide-1 slide-odd'><div data-rel='slideshow-1' class='avia-slide-wrap '   ><img decoding=\"async\" fetchpriority=\"high\" class=\"wp-image-1048 avia-img-lazy-loading-not-1048\"  src=\"https:\/\/www.zumjungbrunnen.ch\/new\/wp-content\/uploads\/2025\/01\/gutscheine-1.jpg\" width=\"1500\" height=\"1000\" title='Gutscheine' alt='Gutscheine Kosmetik zum Jungbrunnen'  itemprop=\"thumbnailUrl\" srcset=\"https:\/\/www.zumjungbrunnen.ch\/new\/wp-content\/uploads\/2025\/01\/gutscheine-1.jpg 1500w, https:\/\/www.zumjungbrunnen.ch\/new\/wp-content\/uploads\/2025\/01\/gutscheine-1-300x200.jpg 300w, https:\/\/www.zumjungbrunnen.ch\/new\/wp-content\/uploads\/2025\/01\/gutscheine-1-1030x687.jpg 1030w, https:\/\/www.zumjungbrunnen.ch\/new\/wp-content\/uploads\/2025\/01\/gutscheine-1-768x512.jpg 768w, https:\/\/www.zumjungbrunnen.ch\/new\/wp-content\/uploads\/2025\/01\/gutscheine-1-705x470.jpg 705w\" sizes=\"(max-width: 1500px) 100vw, 1500px\" \/><\/div><\/li><\/ul><\/div><\/div><div id='after_full_slider_1'  class='main_color av_default_container_wrap container_wrap fullsize'  ><div class='container av-section-cont-open' ><div class='template-page content  av-content-full alpha units'><div class='post-entry post-entry-type-page post-entry-702'><div class='entry-content-wrapper clearfix'>\n<div  class='flex_column av-10dye-2f6ce0db5d1d7739af6d57a8d0f77434 av_one_fifth  avia-builder-el-1  el_after_av_slideshow_full  el_before_av_three_fifth  avia-builder-el-first  first flex_column_div  '     ><section  class='av_textblock_section av-m6dsqbzg-f328c10b6c556035f5281f53be351271 '   itemscope=\"itemscope\" itemtype=\"https:\/\/schema.org\/CreativeWork\" ><div class='avia_textblock'  itemprop=\"text\" ><\/div><\/section><\/div>\n<div  class='flex_column av-1g0ge-64916cf0e51c48427583df5af4a07dd8 av_three_fifth  avia-builder-el-3  el_after_av_one_fifth  el_before_av_one_fifth  flex_column_div  '     ><p>\n<style type=\"text\/css\" data-created_by=\"avia_inline_auto\" id=\"style-css-av-m6dsuxhb-f91d253d985e51f77606a149746818ca\">\n#top .av-special-heading.av-m6dsuxhb-f91d253d985e51f77606a149746818ca{\npadding-bottom:10px;\n}\nbody .av-special-heading.av-m6dsuxhb-f91d253d985e51f77606a149746818ca .av-special-heading-tag .heading-char{\nfont-size:25px;\n}\n.av-special-heading.av-m6dsuxhb-f91d253d985e51f77606a149746818ca .av-subheading{\nfont-size:15px;\n}\n<\/style>\n<div  class='av-special-heading av-m6dsuxhb-f91d253d985e51f77606a149746818ca av-special-heading-h1 blockquote modern-quote modern-centered  avia-builder-el-4  el_before_av_textblock  avia-builder-el-first '><h1 class='av-special-heading-tag '  itemprop=\"headline\"  >Verw\u00f6hnen Sie Ihre Liebsten mit einem Gutschein f\u00fcr Sch\u00f6nheit und Wohlbefinden!<\/h1><div class=\"special-heading-border\"><div class=\"special-heading-inner-border\"><\/div><\/div><\/div><br \/>\n<section  class='av_textblock_section av-m0z9vjtl-f6101ebcb1d7fe03eadf908588c139ed '   itemscope=\"itemscope\" itemtype=\"https:\/\/schema.org\/CreativeWork\" ><div class='avia_textblock'  itemprop=\"text\" ><p>Machen Sie jemandem eine besondere Freude und schenken Sie Sch\u00f6nheit, Entspannung und Selbstpflege mit einem Gutschein von Kosmetik zum Jungbrunnen. Die Gutscheine sind perfekt f\u00fcr jeden Anlass &#8211; ob Geburtstag, Muttertag, Weihnachten oder einfach als liebevolle Aufmerksamkeit zwischendurch. Jeder Gutschein wird mit viel Liebe und Sorgfalt in einer ansprechenden Verpackung pr\u00e4sentiert, um den Moment des Schenkens noch unvergesslicher zu machen.<\/p>\n<p>Die Gutscheine k\u00f6nnen entweder direkt im Studio abgeholt oder bequem per Post verschickt werden &#8211; ganz, wie es Ihnen am besten passt.<\/p>\n<p>Erleben Sie die Freude am Schenken neu &#8211; schenken Sie Erholung, Sch\u00f6nheit und neue Energie!<\/p>\n<\/div><\/section><\/p><\/div><div  class='flex_column av-jjjpa-730665d973b6453e24103bc7506a1035 av_one_fifth  avia-builder-el-6  el_after_av_three_fifth  el_before_av_section  avia-builder-el-last  flex_column_div  '     ><section  class='av_textblock_section av-m46yscx1-a56a0d991c78227c9f3afd5125cb4023 '   itemscope=\"itemscope\" itemtype=\"https:\/\/schema.org\/CreativeWork\" ><div class='avia_textblock'  itemprop=\"text\" ><\/div><\/section><\/div><\/p>\n<\/div><\/div><\/div><!-- close content main div --><\/div><\/div>\n<style type=\"text\/css\" data-created_by=\"avia_inline_auto\" id=\"style-css-av-a6zym-973a40cdd82afd1c5b2102579f178c67\">\n.avia-section.av-a6zym-973a40cdd82afd1c5b2102579f178c67{\nbackground-color:#a8c697;\nbackground-image:unset;\n}\n<\/style>\n<div id='av_section_1'  class='avia-section av-a6zym-973a40cdd82afd1c5b2102579f178c67 main_color avia-section-default avia-no-border-styling  avia-builder-el-8  el_after_av_one_fifth  avia-builder-el-last  avia-bg-style-scroll container_wrap fullsize'  ><div class='container av-section-cont-open' ><div class='template-page content  av-content-full alpha units'><div class='post-entry post-entry-type-page post-entry-702'><div class='entry-content-wrapper clearfix'>\n","protected":false},"excerpt":{"rendered":"","protected":false},"author":1,"featured_media":0,"parent":0,"menu_order":0,"comment_status":"closed","ping_status":"closed","template":"","meta":{"footnotes":""},"class_list":["post-702","page","type-page","status-publish","hentry"],"_links":{"self":[{"href":"https:\/\/www.zumjungbrunnen.ch\/new\/wp-json\/wp\/v2\/pages\/702"}],"collection":[{"href":"https:\/\/www.zumjungbrunnen.ch\/new\/wp-json\/wp\/v2\/pages"}],"about":[{"href":"https:\/\/www.zumjungbrunnen.ch\/new\/wp-json\/wp\/v2\/types\/page"}],"author":[{"embeddable":true,"href":"https:\/\/www.zumjungbrunnen.ch\/new\/wp-json\/wp\/v2\/users\/1"}],"replies":[{"embeddable":true,"href":"https:\/\/www.zumjungbrunnen.ch\/new\/wp-json\/wp\/v2\/comments?post=702"}],"version-history":[{"count":15,"href":"https:\/\/www.zumjungbrunnen.ch\/new\/wp-json\/wp\/v2\/pages\/702\/revisions"}],"predecessor-version":[{"id":1061,"href":"https:\/\/www.zumjungbrunnen.ch\/new\/wp-json\/wp\/v2\/pages\/702\/revisions\/1061"}],"wp:attachment":[{"href":"https:\/\/www.zumjungbrunnen.ch\/new\/wp-json\/wp\/v2\/media?parent=702"}],"curies":[{"name":"wp","href":"https:\/\/api.w.org\/{rel}","templated":true}]}}