{"id":834,"date":"2024-11-11T10:31:29","date_gmt":"2024-11-11T10:31:29","guid":{"rendered":"https:\/\/www.zumjungbrunnen.ch\/new\/?page_id=834"},"modified":"2024-12-03T16:19:11","modified_gmt":"2024-12-03T16:19:11","slug":"datenschutz","status":"publish","type":"page","link":"https:\/\/www.zumjungbrunnen.ch\/new\/datenschutz\/","title":{"rendered":"Datenschutz"},"content":{"rendered":"\n<p><strong>Datenschutzerkl\u00e4rung f\u00fcr Cookies<\/strong><\/p>\n\n\n\n<p>Diese Website verwendet Cookies. Cookies sind Textdateien, die Daten von besuchten Websites oder Domains enthalten und von einem Browser auf dem Computer des Benutzers gespeichert werden. Ein Cookie dient in erster Linie dazu, die Informationen \u00fcber einen Benutzer w\u00e4hrend oder nach seinem Besuch innerhalb eines Onlineangebotes zu speichern. Zu den gespeicherten Angaben k\u00f6nnen z.B. die Spracheinstellungen auf einer Webseite, der Loginstatus, ein Warenkorb oder die Stelle, an der ein Video geschaut wurde, geh\u00f6ren. Zu dem Begriff der Cookies z\u00e4hlen wir ferner andere Technologien, die die gleichen Funktionen wie Cookies erf\u00fcllen (z.B. wenn Angaben der Nutzer anhand pseudonymer Onlinekennzeichnungen gespeichert werden, auch als &#8222;Nutzer-IDs&#8220; bezeichnet)<\/p>\n\n\n\n<p>Die folgenden Cookie-Typen und Funktionen werden unterschieden:<\/p>\n\n\n\n<ul class=\"wp-block-list\">\n<li><strong>Tempor\u00e4re Cookies (auch: Session- oder Sitzungs-Cookies)<\/strong>: Tempor\u00e4re Cookies werden sp\u00e4testens gel\u00f6scht, nachdem ein Nutzer ein Online-Angebot verlassen und seinen Browser geschlossen hat.<\/li>\n\n\n\n<li><strong>Permanente Cookies<\/strong>: Permanente Cookies bleiben auch nach dem Schliessen des Browsers gespeichert. So kann beispielsweise der Login-Status gespeichert oder bevorzugte Inhalte direkt angezeigt werden, wenn der Nutzer eine Website erneut besucht. Ebenso k\u00f6nnen die Interessen von Nutzern, die zur Reichweitenmessung oder zu Marketingzwecken verwendet werden, in einem solchen Cookie gespeichert werden.<\/li>\n\n\n\n<li><strong>First-Party-Cookies<\/strong>: First-Party-Cookies werden von uns selbst gesetzt.<\/li>\n\n\n\n<li><strong>Third-Party-Cookies (auch: Drittanbieter-Cookies)<\/strong>: Drittanbieter-Cookies werden haupts\u00e4chlich von Werbetreibenden (sog. Dritten) verwendet, um Benutzerinformationen zu verarbeiten.<\/li>\n\n\n\n<li><strong>Notwendige (auch: essenzielle oder unbedingt erforderliche) Cookies<\/strong>: Cookies k\u00f6nnen zum einen f\u00fcr den Betrieb einer Webseite unbedingt erforderlich sein (z.B. um Logins oder andere Nutzereingaben zu speichern oder aus Gr\u00fcnden der Sicherheit).<\/li>\n\n\n\n<li><strong>Statistik-, Marketing- und Personalisierung-Cookies<\/strong>: Ferner werden Cookies im Regelfall auch im Rahmen der Reichweitenmessung eingesetzt sowie dann, wenn die Interessen eines Nutzers oder sein Verhalten (z.B. Betrachten bestimmter Inhalte, Nutzen von Funktionen etc.) auf einzelnen Webseiten in einem Nutzerprofil gespeichert werden. Solche Profile dienen dazu, den Nutzern z.B. Inhalte anzuzeigen, die ihren potenziellen Interessen entsprechen. Dieses Verfahren wird auch als &#8222;Tracking&#8220;, d.h., Nachverfolgung der potenziellen Interessen der Nutzer bezeichnet. Soweit wir Cookies oder &#8222;Tracking&#8220;-Technologien einsetzen, informieren wir Sie gesondert in unserer Datenschutzerkl\u00e4rung oder im Rahmen der Einholung einer Einwilligung.<\/li>\n<\/ul>\n\n\n\n<p>Hinweise zu Rechtsgrundlagen: Auf welcher Rechtsgrundlage wir Ihre personenbezogenen Daten mithilfe von Cookies verarbeiten, h\u00e4ngt davon ab, ob wir Sie um eine Einwilligung bitten. Falls dies zutrifft und Sie in die Nutzung von Cookies einwilligen, ist die Rechtsgrundlage der Verarbeitung Ihrer Daten die erkl\u00e4rte Einwilligung. Andernfalls werden die mithilfe von Cookies verarbeiteten Daten auf Grundlage unserer berechtigten Interessen (z.B. an einem betriebswirtschaftlichen Betrieb unseres Onlineangebotes und dessen Verbesserung) verarbeitet oder, wenn der Einsatz von Cookies erforderlich ist, um unsere vertraglichen Verpflichtungen zu erf\u00fcllen.<\/p>\n\n\n\n<p>Speicherdauer: Sofern wir Ihnen keine expliziten Angaben zur Speicherdauer von permanenten Cookies mitteilen (z. B. im Rahmen eines sog. Cookie-Opt-Ins), gehen Sie bitte davon aus, dass die Speicherdauer bis zu zwei Jahre betragen kann.<\/p>\n\n\n\n<p>Allgemeine Hinweise zum Widerruf und Widerspruch (Opt-Out): Abh\u00e4ngig davon, ob die Verarbeitung auf Grundlage einer Einwilligung oder gesetzlichen Erlaubnis erfolgt, haben Sie jederzeit die M\u00f6glichkeit, eine erteilte Einwilligung zu widerrufen oder der Verarbeitung Ihrer Daten durch Cookie-Technologien zu widersprechen (zusammenfassend als &#8222;Opt-Out&#8220; bezeichnet). Sie k\u00f6nnen Ihren Widerspruch zun\u00e4chst mittels der Einstellungen Ihres Browsers erkl\u00e4ren, z.B., indem Sie die Nutzung von Cookies deaktivieren (wobei hierdurch auch die Funktionsf\u00e4higkeit unseres Onlineangebotes eingeschr\u00e4nkt werden kann). Ein Widerspruch gegen den Einsatz von Cookies zu Zwecken des Onlinemarketings kann auch mittels einer Vielzahl von Diensten, vor allem im Fall des Trackings, \u00fcber die Webseiten https:\/\/optout.aboutads.info und https:\/\/www.youronlinechoices.com\/ erkl\u00e4rt werden. Daneben k\u00f6nnen Sie weitere Widerspruchshinweise im Rahmen der Angaben zu den eingesetzten Dienstleistern und Cookies erhalten.<\/p>\n\n\n\n<p>Verarbeitung von Cookie-Daten auf Grundlage einer Einwilligung: Wir setzen ein Verfahren zum Cookie-Einwilligungs-Management ein, in dessen Rahmen die Einwilligungen der Nutzer in den Einsatz von Cookies, bzw. der im Rahmen des Cookie-Einwilligungs-Management-Verfahrens genannten Verarbeitungen und Anbieter eingeholt sowie von den Nutzern verwaltet und widerrufen werden k\u00f6nnen. Hierbei wird die Einwilligungserkl\u00e4rung gespeichert, um deren Abfrage nicht erneut wiederholen zu m\u00fcssen und die Einwilligung entsprechend der gesetzlichen Verpflichtung nachweisen zu k\u00f6nnen. Die Speicherung kann serverseitig und\/oder in einem Cookie (sogenanntes Opt-In-Cookie, bzw. mithilfe vergleichbarer Technologien) erfolgen, um die Einwilligung einem Nutzer, bzw. dessen Ger\u00e4t zuordnen zu k\u00f6nnen. Vorbehaltlich individueller Angaben zu den Anbietern von Cookie-Management-Diensten gelten die folgenden Hinweise: Die Dauer der Speicherung der Einwilligung kann bis zu zwei Jahren betragen. Hierbei wird ein pseudonymer Nutzer-Identifikator gebildet und mit dem Zeitpunkt der Einwilligung, Angaben zur Reichweite der Einwilligung (z. B. welche Kategorien von Cookies und\/oder Diensteanbieter) sowie dem Browser, System und verwendeten Endger\u00e4t gespeichert.<\/p>\n\n\n\n<ul class=\"wp-block-list\">\n<li>Verarbeitete Datenarten: Nutzungsdaten (z.B. besuchte Webseiten, Interesse an Inhalten, Zugriffszeiten), Meta-\/Kommunikationsdaten (z.B. Ger\u00e4te-Informationen, IP-Adressen).<\/li>\n\n\n\n<li>Betroffene Personen: Nutzer (z.B. Webseitenbesucher, Nutzer von Onlinediensten).<\/li>\n\n\n\n<li>Rechtsgrundlagen: Einwilligung (Art. 6 Abs. 1 S. 1 lit. a. DSGVO), Berechtigte Interessen (Art. 6 Abs. 1 S. 1 lit. f. DSGVO).<\/li>\n<\/ul>\n\n\n\n<p><strong>Datenschutzerkl\u00e4rung f\u00fcr SSL-\/TLS-Verschl\u00fcsselung<\/strong><\/p>\n\n\n\n<p>Diese Website nutzt aus Gr\u00fcnden der Sicherheit und zum Schutz der \u00dcbertragung vertraulicher Inhalte, wie zum Beispiel der Anfragen, die Sie an uns als Seitenbetreiber senden, eine SSL-\/TLS-Verschl\u00fcsselung. Eine verschl\u00fcsselte Verbindung erkennen Sie daran, dass die Adresszeile des Browsers von &#8222;http:\/\/&#8220; auf &#8222;https:\/\/&#8220; wechselt und an dem Schloss-Symbol in Ihrer Browserzeile.<\/p>\n\n\n\n<p>Wenn die SSL bzw. TLS Verschl\u00fcsselung aktiviert ist, k\u00f6nnen die Daten, die Sie an uns \u00fcbermitteln, nicht von Dritten mitgelesen werden.<\/p>\n\n\n\n<p>Datenschutzerkl\u00e4rung f\u00fcr Server-Log-Files<\/p>\n\n\n\n<p>Der Provider dieser Website erhebt und speichert automatisch Informationen in so genannten Server-Log Files, die Ihr Browser automatisch an uns \u00fcbermittelt. Dies sind:<\/p>\n\n\n\n<ul class=\"wp-block-list\">\n<li>Browsertyp und Browserversion<\/li>\n\n\n\n<li>verwendetes Betriebssystem<\/li>\n\n\n\n<li>Referrer URL<\/li>\n\n\n\n<li>Hostname des zugreifenden Rechners<\/li>\n\n\n\n<li>Uhrzeit der Serveranfrage<\/li>\n<\/ul>\n\n\n\n<p>Diese Daten sind nicht bestimmten Personen zuordenbar. Eine Zusammenf\u00fchrung dieser Daten mit anderen Datenquellen wird nicht vorgenommen. Wir behalten uns vor, diese Daten nachtr\u00e4glich zupr\u00fcfen, wenn uns konkrete Anhaltspunkte f\u00fcr eine rechtswidrige Nutzung bekannt werden.<\/p>\n\n\n\n<p><strong>Datenschutzerkl\u00e4rung f\u00fcr Kontaktformular<\/strong><\/p>\n\n\n\n<p>Wenn Sie uns per Kontaktformular Anfragen zukommen lassen, werden Ihre Angaben aus dem Anfrageformular inklusive der von Ihnen dort angegebenen Kontaktdaten zwecks Bearbeitung der Anfrage und f\u00fcr den Fall von Anschlussfragen bei uns gespeichert. Diese Daten geben wir nicht ohne Ihre Einwilligung weiter.<\/p>\n\n\n\n<p><strong>Dienste von Dritten<\/strong><\/p>\n\n\n\n<p>Diese Website verwenden allenfalls Google Maps f\u00fcr das Einbetten von Karten, Google Invisible reCAPTCHA f\u00fcr den Schutz gegen Bots und Spam sowie YouTube f\u00fcr das Einbetten von Videos.<\/p>\n\n\n\n<p>Diese Dienste der amerikanischen Google LLC verwenden unter anderem Cookies und infolgedessen werden Daten an Google in den USA \u00fcbertragen, wobei wir davon ausgehen, dass in diesem Rahmen kein personenbezogenes Tracking allein durch die Nutzung unserer Website stattfindet.<\/p>\n\n\n\n<p>Google hat sich verpflichtet, einen angemessenen Datenschutz gem\u00e4ss dem amerikanisch-europ\u00e4ischen und dem amerikanisch-schweizerischen Privacy Shield zu gew\u00e4hrleisten.<\/p>\n\n\n\n<p>Weitere Informationen finden sich in der&nbsp;<a href=\"https:\/\/policies.google.com\/privacy?hl=de\">Datenschutzerkl\u00e4rung von Google<\/a>.<\/p>\n\n\n\n<p><strong>Verwendung von Google Maps<\/strong><\/p>\n\n\n\n<p>Diese Website nutzt das Angebot von Google Maps. Dadurch k\u00f6nnen wir Ihnen interaktive Karten direkt in der Website anzeigen und erm\u00f6glichen Ihnen die komfortable Nutzung der Karten-Funktion. Durch den Besuch auf der Website erh\u00e4lt Google die Information, dass Sie die entsprechende Unterseite unserer Website aufgerufen haben. Dies erfolgt unabh\u00e4ngig davon, ob Google ein Nutzerkonto bereitstellt, \u00fcber das Sie eingeloggt sind, oder ob kein Nutzerkonto besteht. Wenn Sie bei Google eingeloggt sind, werden Ihre Daten direkt Ihrem Konto zugeordnet. Wenn Sie die Zuordnung mit Ihrem Profil bei Google nicht w\u00fcnschen, m\u00fcssen Sie sich vor Aktivierung des Buttons ausloggen. Google speichert Ihre Daten als Nutzungsprofile und nutzt sie f\u00fcr Zwecke der Werbung, Marktforschung und\/oder bedarfsgerechten Gestaltung seiner Website. Eine solche Auswertung erfolgt insbesondere (selbst f\u00fcr nicht eingeloggte Nutzer) zur Erbringung von bedarfsgerechter Werbung und um andere Nutzer des sozialen Netzwerks \u00fcber Ihre Aktivit\u00e4ten auf unserer Website zu informieren. Ihnen steht ein Widerspruchsrecht zu gegen die Bildung dieser Nutzerprofile, wobei Sie sich zur Aus\u00fcbung dessen an Google richten m\u00fcssen. Weitere Informationen zu Zweck und Umfang der Datenerhebung und ihrer Verarbeitung durch Google erhalten Sie neben weiteren Informationen zu Ihren diesbez\u00fcglichen Rechten und Einstellungsm\u00f6glichkeiten zum Schutze Ihrer Privatsph\u00e4re unter:&nbsp;<a href=\"http:\/\/www.google.de\/intl\/de\/policies\/privacy\">www.google.de\/intl\/de\/policies\/privacy<\/a>.<\/p>\n\n\n\n<p><strong>Datenschutzerkl\u00e4rung f\u00fcr Facebook<\/strong><\/p>\n\n\n\n<p>Diese Website verwendet Funktionen von Facebook Inc., 1601 S. California Ave, Palo Alto, CA 94304, USA . Bei Aufruf unserer Seiten mit Facebook-Plug-Ins wird eine Verbindung zwischen Ihrem Browser und den Servern von Facebook aufgebaut. Dabei werden bereits Daten an Facebook \u00fcbertragen. Besitzen Sie einen Facebook-Account, k\u00f6nnen diese Daten damit verkn\u00fcpft werden. Wenn Sie keine Zuordnung dieser Daten zu Ihrem Facebook-Account w\u00fcnschen, loggen Sie sich bitte vor dem Besuch unserer Seite bei Facebook aus. Interaktionen, insbesondere das Nutzen einer Kommentarfunktion oder das Anklicken eines \u201eLike\u201c- oder \u201eTeilen\u201c-Buttons werden ebenfalls an Facebook weitergegeben. Mehr erfahren Sie unter&nbsp;<a href=\"https:\/\/de-de.facebook.com\/about\/privacy\">https:\/\/de-de.facebook.com\/about\/privacy<\/a>.<\/p>\n\n\n\n<p><strong>Datenschutzerkl\u00e4rung f\u00fcr Instagram<\/strong><\/p>\n\n\n\n<p>Auf unserer Website sind Funktionen des Dienstes Instagram eingebunden. Diese Funktionen werden angeboten durch die Instagram Inc., 1601 Willow Road, Menlo Park, CA, 94025, USA integriert. Wenn Sie in Ihrem Instagram-Account eingeloggt sind k\u00f6nnen Sie durch Anklicken des Instagram-Buttons die Inhalte unserer Seiten mit Ihrem Instagram-Profil verlinken. Dadurch kann Instagram den Besuch unserer Seiten Ihrem Benutzerkonto zuordnen. Wir weisen darauf hin, dass wir als Anbieter der Seiten keine Kenntnis vom Inhalt der \u00fcbermittelten Daten sowie deren Nutzung durch Instagram erhalten.<\/p>\n\n\n\n<p>Weitere Informationen hierzu finden Sie in der Datenschutzerkl\u00e4rung von Instagram:&nbsp;<a href=\"https:\/\/instagram.com\/about\/legal\/privacy\/\">http:\/\/instagram.com\/about\/legal\/privacy\/<\/a><\/p>\n\n\n\n<p><strong>Urheberrechte<\/strong><\/p>\n\n\n\n<p>Die Urheber- und alle anderen Rechte an Inhalten, Bildern, Fotos oder anderen Dateien auf der Website, geh\u00f6ren ausschliesslich dem Betreiber dieser Website oder den speziell genannten Rechteinhabern. F\u00fcr die Reproduktion von s\u00e4mtlichen Dateien, ist die schriftliche Zustimmung des Urheberrechtstr\u00e4gers im Voraus einzuholen.<\/p>\n\n\n\n<p>Wer ohne Einwilligung des jeweiligen Rechteinhabers eine Urheberrechtsverletzung begeht, kann sich strafbar und allenfalls schadenersatzpflichtig machen.<\/p>\n\n\n\n<p><strong>Allgemeiner Haftungsausschluss<\/strong><\/p>\n\n\n\n<p>Alle Angaben unseres Internetangebotes wurden sorgf\u00e4ltig gepr\u00fcft. Wir bem\u00fchen uns, unser Informationsangebot aktuell, inhaltlich richtig und vollst\u00e4ndig anzubieten. Trotzdem kann das Auftreten von Fehlern nicht v\u00f6llig ausgeschlossen werden, womit wir keine Garantie f\u00fcr Vollst\u00e4ndigkeit, Richtigkeit und Aktualit\u00e4t von Informationen auch journalistisch-redaktioneller Art \u00fcbernehmen k\u00f6nnen. Haftungsanspr\u00fcche aus Sch\u00e4den materieller oder ideeller Art, die durch die Nutzung der angebotenen Informationen verursacht wurden, sind ausgeschlossen, sofern kein nachweislich vors\u00e4tzliches oder grob fahrl\u00e4ssiges Verschulden vorliegt.<\/p>\n\n\n\n<p>Der Herausgeber kann nach eigenem Ermessen und ohne Ank\u00fcndigung Texte ver\u00e4ndern oder l\u00f6schen und ist nicht verpflichtet, Inhalte dieser Website zu aktualisieren. Die Benutzung bzw. der Zugang zu dieser Website geschieht auf eigene Gefahr des Besuchers. Der Herausgeber, seine Auftraggeber oder Partner sind nicht verantwortlich f\u00fcr Sch\u00e4den, wie direkte, indirekte, zuf\u00e4llige, vorab konkret zu bestimmende oder Folgesch\u00e4den, die angeblich durch den Besuch dieser Website entstanden sind und \u00fcbernehmen hierf\u00fcr folglich keine Haftung.<\/p>\n\n\n\n<p>Der Herausgeber \u00fcbernimmt ebenfalls keine Verantwortung und Haftung f\u00fcr die Inhalte und die Verf\u00fcgbarkeit von Website Dritter, die \u00fcber externe Links dieser Website erreichbar sind. F\u00fcr den Inhalt der verlinkten Seiten sind ausschliesslich deren Betreiber verantwortlich. Der Herausgeber distanziert sich damit ausdr\u00fccklich von allen Inhalten Dritter, die m\u00f6glicherweise straf- oder haftungsrechtlich relevant sind oder gegen die guten Sitten verstossen.<\/p>\n","protected":false},"excerpt":{"rendered":"<p>Datenschutzerkl\u00e4rung f\u00fcr Cookies Diese Website verwendet Cookies. Cookies sind Textdateien, die Daten von besuchten Websites oder Domains enthalten und von einem Browser auf dem Computer des Benutzers gespeichert werden. Ein Cookie dient in erster Linie dazu, die Informationen \u00fcber einen Benutzer w\u00e4hrend oder nach seinem Besuch innerhalb eines Onlineangebotes zu speichern. Zu den gespeicherten Angaben [&hellip;]<\/p>\n","protected":false},"author":2,"featured_media":0,"parent":0,"menu_order":0,"comment_status":"closed","ping_status":"closed","template":"","meta":{"footnotes":""},"class_list":["post-834","page","type-page","status-publish","hentry"],"_links":{"self":[{"href":"https:\/\/www.zumjungbrunnen.ch\/new\/wp-json\/wp\/v2\/pages\/834"}],"collection":[{"href":"https:\/\/www.zumjungbrunnen.ch\/new\/wp-json\/wp\/v2\/pages"}],"about":[{"href":"https:\/\/www.zumjungbrunnen.ch\/new\/wp-json\/wp\/v2\/types\/page"}],"author":[{"embeddable":true,"href":"https:\/\/www.zumjungbrunnen.ch\/new\/wp-json\/wp\/v2\/users\/2"}],"replies":[{"embeddable":true,"href":"https:\/\/www.zumjungbrunnen.ch\/new\/wp-json\/wp\/v2\/comments?post=834"}],"version-history":[{"count":2,"href":"https:\/\/www.zumjungbrunnen.ch\/new\/wp-json\/wp\/v2\/pages\/834\/revisions"}],"predecessor-version":[{"id":970,"href":"https:\/\/www.zumjungbrunnen.ch\/new\/wp-json\/wp\/v2\/pages\/834\/revisions\/970"}],"wp:attachment":[{"href":"https:\/\/www.zumjungbrunnen.ch\/new\/wp-json\/wp\/v2\/media?parent=834"}],"curies":[{"name":"wp","href":"https:\/\/api.w.org\/{rel}","templated":true}]}}